{"id":8540,"date":"2018-07-06T11:35:31","date_gmt":"2018-07-06T09:35:31","guid":{"rendered":"https:\/\/lau.do\/legal-notice\/"},"modified":"2025-11-20T15:13:38","modified_gmt":"2025-11-20T14:13:38","slug":"legal-notice","status":"publish","type":"page","link":"https:\/\/lau.do\/en\/legal-notice\/","title":{"rendered":"Legal Notice"},"content":{"rendered":"\n\n\t<h1>Impressum<\/h1>\nLAUDO Designagentur GmbH<br \/>\nErkelenzdamm 59-61<br \/>\n10999 Berlin<br \/>\nDeutschland\nVertreten durch:<br \/>\nClaudius Weigmann\n<h2>Projektanfragen<\/h2>\n<a href=\"mailto:claudius.weigmann@lau.do\">claudius.weigmann@lau.do<\/a><br \/>\n<a href=\"tel:+4930403676731\">+49 (0)30 &#8211; 403 676 731<\/a>\n<h2>Karriere<\/h2>\n<p><a href=\"mailto:career@lau.do\" target=\"_blank\" rel=\"noopener noreferrer\" data-stringify-link=\"mailto:career@lau.do\" data-sk=\"tooltip_parent\" aria-haspopup=\"menu\">career@lau.do<\/a><\/p>\n<a href=\"https:\/\/lau.do\/jobs\/\">Offene Positionen<\/a><br \/>\n<a href=\"https:\/\/join.com\/companies\/laudo\/spontaneous-application\" target=\"_blank\" rel=\"noopener\">Initiativbewerbung<\/a>\n<h2>Support<\/h2>\n<a href=\"mailto:support@lau.do\">support@lau.do<\/a><br \/>\n<a href=\"tel:+493023270475\">+49 (0)30 &#8211; 232 704 75<\/a>\n<p>&nbsp;<\/p>\n\t\t\t\t\t<a href=\"#\"  id=\"fl-accordion--label-0\" tabindex=\"0\" aria-controls=\"fl-accordion--panel-0\">Fotografie<\/a>\n\t\t\t\t\t\t\t\t\t\t\t<a href=\"#\" id=\"fl-accordion--icon-0\"  tabindex=\"0\"><i title=\"Expand\">Expand<\/i><\/a>\n\t\t\t\t\t<p>Jaclyn Locke<\/p>\n<p>Alexander Rentsch<\/p>\n\t\t\t\t\t<a href=\"#\"  id=\"fl-accordion--label-1\" tabindex=\"0\" aria-controls=\"fl-accordion--panel-1\">Registereintrag<\/a>\n\t\t\t\t\t\t\t\t\t\t\t<a href=\"#\" id=\"fl-accordion--icon-1\"  tabindex=\"0\"><i title=\"Expand\">Expand<\/i><\/a>\n\t\t\t\t\tHandelsregister: HRB 180722 B<br \/>\nRegistergericht: Amtsgericht Berlin (Charlottenburg)\n\t\t\t\t\t<a href=\"#\"  id=\"fl-accordion--label-2\" tabindex=\"0\" aria-controls=\"fl-accordion--panel-2\">Umsatzsteuer<\/a>\n\t\t\t\t\t\t\t\t\t\t\t<a href=\"#\" id=\"fl-accordion--icon-2\"  tabindex=\"0\"><i title=\"Expand\">Expand<\/i><\/a>\n\t\t\t\t\tUmsatzsteuer-Identifikationsnummer gem\u00e4\u00df \u00a727 a Umsatzsteuergesetz:<br \/>\nDE309027077\n\t\t\t\t\t<a href=\"#\"  id=\"fl-accordion--label-3\" tabindex=\"0\" aria-controls=\"fl-accordion--panel-3\">EU-Streitschlichtung<\/a>\n\t\t\t\t\t\t\t\t\t\t\t<a href=\"#\" id=\"fl-accordion--icon-3\"  tabindex=\"0\"><i title=\"Expand\">Expand<\/i><\/a>\n\t\t\t\t\t<p>Wir sind nicht bereit oder verpflichtet, an Streitbeilegungsverfahren vor einer Verbraucherschlichtungsstelle teilzunehmen.<\/p>\n\t\t\t\t\t<a href=\"#\"  id=\"fl-accordion--label-4\" tabindex=\"0\" aria-controls=\"fl-accordion--panel-4\">Urheberrecht<\/a>\n\t\t\t\t\t\t\t\t\t\t\t<a href=\"#\" id=\"fl-accordion--icon-4\"  tabindex=\"0\"><i title=\"Expand\">Expand<\/i><\/a>\n\t\t\t\t\t<p>Die durch die Seitenbetreiber erstellten Inhalte und Werke auf diesen Seiten unterliegen dem deutschen Urheberrecht. Die Vervielf\u00e4ltigung, Bearbeitung, Verbreitung und jede Art der Verwertung au\u00dferhalb der Grenzen des Urheberrechtes bed\u00fcrfen der schriftlichen Zustimmung des jeweiligen Autors bzw. Erstellers. Downloads und Kopien dieser Seite sind nur f\u00fcr den privaten, nicht kommerziellen Gebrauch gestattet.<\/p>\n<p>Soweit die Inhalte auf dieser Seite nicht vom Betreiber erstellt wurden, werden die Urheberrechte Dritter beachtet. Insbesondere werden Inhalte Dritter als solche gekennzeichnet. Sollten Sie trotzdem auf eine Urheberrechtsverletzung aufmerksam werden, bitten wir um einen entsprechenden Hinweis. Bei Bekanntwerden von Rechtsverletzungen werden wir derartige Inhalte umgehend entfernen.<\/p>\n\t\t\t\t\t<a href=\"#\"  id=\"fl-accordion--label-5\" tabindex=\"0\" aria-controls=\"fl-accordion--panel-5\">BSI IT-Grundschutz<\/a>\n\t\t\t\t\t\t\t\t\t\t\t<a href=\"#\" id=\"fl-accordion--icon-5\"  tabindex=\"0\"><i title=\"Expand\">Expand<\/i><\/a>\n\t\t\t\t\t<p>Als Anbieter von Beratungsdienstleistungen erkennen wir die Normen und Standards des BSI IT-Grundschutzes an.<\/p>\n\t\t<meta itemprop=\"url\" content=\"https:\/\/lau.do\/wp-content\/uploads\/2025\/08\/wholeteam.mp4\" \/><div style=\"width: 640px;\" class=\"wp-video\"><video muted class=\"wp-video-shortcode\" id=\"video-8540-1\" width=\"640\" height=\"360\" loop autoplay preload=\"metadata\" controls=\"controls\"><source type=\"video\/mp4\" src=\"https:\/\/lau.do\/wp-content\/uploads\/2025\/08\/wholeteam.mp4?_=1\" \/><source type=\"video\/mp4\" src=\"https:\/\/lau.do\/wp-content\/uploads\/2025\/08\/wholeteam.mp4?_=1\" \/><a href=\"https:\/\/lau.do\/wp-content\/uploads\/2025\/08\/wholeteam.mp4\">https:\/\/lau.do\/wp-content\/uploads\/2025\/08\/wholeteam.mp4<\/a><\/video><\/div>\t\n\n","protected":false},"excerpt":{"rendered":"<p>Impressum LAUDO Designagentur GmbH Erkelenzdamm 59-61 10999 Berlin Deutschland Vertreten durch: Claudius Weigmann Projektanfragen claudius.weigmann@lau.do +49 (0)30 &#8211; 403 676 731 Karriere career@lau.do Offene Positionen Initiativbewerbung Support support@lau.do +49 (0)30 &#8211; 232 704 75 &nbsp; Fotografie Expand Jaclyn Locke Alexander Rentsch Registereintrag Expand Handelsregister: HRB 180722 B Registergericht: Amtsgericht Berlin (Charlottenburg) Umsatzsteuer Expand Umsatzsteuer-Identifikationsnummer gem\u00e4\u00df&hellip;<\/p>\n","protected":false},"author":1,"featured_media":0,"parent":0,"menu_order":0,"comment_status":"closed","ping_status":"closed","template":"","meta":{"_acf_changed":false,"footnotes":""},"class_list":["post-8540","page","type-page","status-publish","hentry"],"acf":[],"yoast_head":"<!-- This site is optimized with the Yoast SEO plugin v27.4 - https:\/\/yoast.com\/product\/yoast-seo-wordpress\/ -->\n<title>Legal Notice | LAUDO Design Agency<\/title>\n<meta name=\"description\" content=\"A look behind the scenes: What&#039;s the deal with this fresh, beautiful, well-trained owner-managed agency in the middle of Berlin?\" \/>\n<meta name=\"robots\" content=\"index, follow, max-snippet:-1, max-image-preview:large, max-video-preview:-1\" \/>\n<link rel=\"canonical\" href=\"https:\/\/lau.do\/en\/legal-notice\/\" \/>\n<meta property=\"og:locale\" content=\"en_US\" \/>\n<meta property=\"og:type\" content=\"article\" \/>\n<meta property=\"og:title\" content=\"Legal Notice | LAUDO Design Agency\" \/>\n<meta property=\"og:description\" content=\"A look behind the scenes: What&#039;s the deal with this fresh, beautiful, well-trained owner-managed agency in the middle of Berlin?\" \/>\n<meta property=\"og:url\" content=\"https:\/\/lau.do\/en\/legal-notice\/\" \/>\n<meta property=\"og:site_name\" content=\"LAUDO Design Agency\" \/>\n<meta property=\"article:publisher\" content=\"https:\/\/www.facebook.com\/laudolicious\" \/>\n<meta property=\"article:modified_time\" content=\"2025-11-20T14:13:38+00:00\" \/>\n<meta name=\"twitter:card\" content=\"summary_large_image\" \/>\n<meta name=\"twitter:label1\" content=\"Est. reading time\" \/>\n\t<meta name=\"twitter:data1\" content=\"1 minute\" \/>\n<script type=\"application\/ld+json\" class=\"yoast-schema-graph\">{\"@context\":\"https:\\\/\\\/schema.org\",\"@graph\":[{\"@type\":\"WebPage\",\"@id\":\"https:\\\/\\\/lau.do\\\/en\\\/legal-notice\\\/\",\"url\":\"https:\\\/\\\/lau.do\\\/en\\\/legal-notice\\\/\",\"name\":\"Legal Notice | LAUDO Design Agency\",\"isPartOf\":{\"@id\":\"https:\\\/\\\/lau.do\\\/en\\\/#website\"},\"datePublished\":\"2018-07-06T09:35:31+00:00\",\"dateModified\":\"2025-11-20T14:13:38+00:00\",\"description\":\"A look behind the scenes: What's the deal with this fresh, beautiful, well-trained owner-managed agency in the middle of Berlin?\",\"breadcrumb\":{\"@id\":\"https:\\\/\\\/lau.do\\\/en\\\/legal-notice\\\/#breadcrumb\"},\"inLanguage\":\"en\",\"potentialAction\":[{\"@type\":\"ReadAction\",\"target\":[\"https:\\\/\\\/lau.do\\\/en\\\/legal-notice\\\/\"]}]},{\"@type\":\"BreadcrumbList\",\"@id\":\"https:\\\/\\\/lau.do\\\/en\\\/legal-notice\\\/#breadcrumb\",\"itemListElement\":[{\"@type\":\"ListItem\",\"position\":1,\"name\":\"Startseite\",\"item\":\"https:\\\/\\\/lau.do\\\/en\\\/\"},{\"@type\":\"ListItem\",\"position\":2,\"name\":\"Legal Notice\"}]},{\"@type\":\"WebSite\",\"@id\":\"https:\\\/\\\/lau.do\\\/en\\\/#website\",\"url\":\"https:\\\/\\\/lau.do\\\/en\\\/\",\"name\":\"LAUDO Design Agency\",\"description\":\"LAUDO means to appreciate\",\"publisher\":{\"@id\":\"https:\\\/\\\/lau.do\\\/en\\\/#organization\"},\"potentialAction\":[{\"@type\":\"SearchAction\",\"target\":{\"@type\":\"EntryPoint\",\"urlTemplate\":\"https:\\\/\\\/lau.do\\\/en\\\/?s={search_term_string}\"},\"query-input\":{\"@type\":\"PropertyValueSpecification\",\"valueRequired\":true,\"valueName\":\"search_term_string\"}}],\"inLanguage\":\"en\"},{\"@type\":\"Organization\",\"@id\":\"https:\\\/\\\/lau.do\\\/en\\\/#organization\",\"name\":\"LAUDO Designagentur Berlin\",\"url\":\"https:\\\/\\\/lau.do\\\/en\\\/\",\"logo\":{\"@type\":\"ImageObject\",\"inLanguage\":\"en\",\"@id\":\"https:\\\/\\\/lau.do\\\/en\\\/#\\\/schema\\\/logo\\\/image\\\/\",\"url\":\"https:\\\/\\\/lau.do\\\/wp-content\\\/uploads\\\/2019\\\/03\\\/laudo-designagentur-berlin-1.png\",\"contentUrl\":\"https:\\\/\\\/lau.do\\\/wp-content\\\/uploads\\\/2019\\\/03\\\/laudo-designagentur-berlin-1.png\",\"width\":1096,\"height\":1096,\"caption\":\"LAUDO Designagentur Berlin\"},\"image\":{\"@id\":\"https:\\\/\\\/lau.do\\\/en\\\/#\\\/schema\\\/logo\\\/image\\\/\"},\"sameAs\":[\"https:\\\/\\\/www.facebook.com\\\/laudolicious\",\"https:\\\/\\\/www.instagram.com\\\/laudolicious\\\/\",\"https:\\\/\\\/www.linkedin.com\\\/company\\\/laudo\\\/\"]}]}<\/script>\n<!-- \/ Yoast SEO plugin. -->","yoast_head_json":{"title":"Legal Notice | LAUDO Design Agency","description":"A look behind the scenes: What's the deal with this fresh, beautiful, well-trained owner-managed agency in the middle of Berlin?","robots":{"index":"index","follow":"follow","max-snippet":"max-snippet:-1","max-image-preview":"max-image-preview:large","max-video-preview":"max-video-preview:-1"},"canonical":"https:\/\/lau.do\/en\/legal-notice\/","og_locale":"en_US","og_type":"article","og_title":"Legal Notice | LAUDO Design Agency","og_description":"A look behind the scenes: What's the deal with this fresh, beautiful, well-trained owner-managed agency in the middle of Berlin?","og_url":"https:\/\/lau.do\/en\/legal-notice\/","og_site_name":"LAUDO Design Agency","article_publisher":"https:\/\/www.facebook.com\/laudolicious","article_modified_time":"2025-11-20T14:13:38+00:00","twitter_card":"summary_large_image","twitter_misc":{"Est. reading time":"1 minute"},"schema":{"@context":"https:\/\/schema.org","@graph":[{"@type":"WebPage","@id":"https:\/\/lau.do\/en\/legal-notice\/","url":"https:\/\/lau.do\/en\/legal-notice\/","name":"Legal Notice | LAUDO Design Agency","isPartOf":{"@id":"https:\/\/lau.do\/en\/#website"},"datePublished":"2018-07-06T09:35:31+00:00","dateModified":"2025-11-20T14:13:38+00:00","description":"A look behind the scenes: What's the deal with this fresh, beautiful, well-trained owner-managed agency in the middle of Berlin?","breadcrumb":{"@id":"https:\/\/lau.do\/en\/legal-notice\/#breadcrumb"},"inLanguage":"en","potentialAction":[{"@type":"ReadAction","target":["https:\/\/lau.do\/en\/legal-notice\/"]}]},{"@type":"BreadcrumbList","@id":"https:\/\/lau.do\/en\/legal-notice\/#breadcrumb","itemListElement":[{"@type":"ListItem","position":1,"name":"Startseite","item":"https:\/\/lau.do\/en\/"},{"@type":"ListItem","position":2,"name":"Legal Notice"}]},{"@type":"WebSite","@id":"https:\/\/lau.do\/en\/#website","url":"https:\/\/lau.do\/en\/","name":"LAUDO Design Agency","description":"LAUDO means to appreciate","publisher":{"@id":"https:\/\/lau.do\/en\/#organization"},"potentialAction":[{"@type":"SearchAction","target":{"@type":"EntryPoint","urlTemplate":"https:\/\/lau.do\/en\/?s={search_term_string}"},"query-input":{"@type":"PropertyValueSpecification","valueRequired":true,"valueName":"search_term_string"}}],"inLanguage":"en"},{"@type":"Organization","@id":"https:\/\/lau.do\/en\/#organization","name":"LAUDO Designagentur Berlin","url":"https:\/\/lau.do\/en\/","logo":{"@type":"ImageObject","inLanguage":"en","@id":"https:\/\/lau.do\/en\/#\/schema\/logo\/image\/","url":"https:\/\/lau.do\/wp-content\/uploads\/2019\/03\/laudo-designagentur-berlin-1.png","contentUrl":"https:\/\/lau.do\/wp-content\/uploads\/2019\/03\/laudo-designagentur-berlin-1.png","width":1096,"height":1096,"caption":"LAUDO Designagentur Berlin"},"image":{"@id":"https:\/\/lau.do\/en\/#\/schema\/logo\/image\/"},"sameAs":["https:\/\/www.facebook.com\/laudolicious","https:\/\/www.instagram.com\/laudolicious\/","https:\/\/www.linkedin.com\/company\/laudo\/"]}]}},"_links":{"self":[{"href":"https:\/\/lau.do\/en\/wp-json\/wp\/v2\/pages\/8540","targetHints":{"allow":["GET"]}}],"collection":[{"href":"https:\/\/lau.do\/en\/wp-json\/wp\/v2\/pages"}],"about":[{"href":"https:\/\/lau.do\/en\/wp-json\/wp\/v2\/types\/page"}],"author":[{"embeddable":true,"href":"https:\/\/lau.do\/en\/wp-json\/wp\/v2\/users\/1"}],"replies":[{"embeddable":true,"href":"https:\/\/lau.do\/en\/wp-json\/wp\/v2\/comments?post=8540"}],"version-history":[{"count":0,"href":"https:\/\/lau.do\/en\/wp-json\/wp\/v2\/pages\/8540\/revisions"}],"wp:attachment":[{"href":"https:\/\/lau.do\/en\/wp-json\/wp\/v2\/media?parent=8540"}],"curies":[{"name":"wp","href":"https:\/\/api.w.org\/{rel}","templated":true}]}}